{"id":10,"date":"2023-01-24T08:09:48","date_gmt":"2023-01-24T05:09:48","guid":{"rendered":"https:\/\/demosites.royal-elementor-addons.com\/car-repair-v1\/?page_id=10"},"modified":"2024-05-05T11:46:20","modified_gmt":"2024-05-05T08:46:20","slug":"kurumsal","status":"publish","type":"page","link":"https:\/\/akfaendustri.com\/en\/kurumsal\/","title":{"rendered":"Corporate"},"content":{"rendered":"\t\t<div data-elementor-type=\"wp-page\" data-elementor-id=\"10\" class=\"elementor elementor-10\">\n\t\t\t\t<div class=\"elementor-element elementor-element-605e50f e-flex e-con-boxed wpr-particle-no wpr-jarallax-no wpr-parallax-no wpr-sticky-section-no e-con e-parent\" data-id=\"605e50f\" data-element_type=\"container\">\n\t\t\t\t\t<div class=\"e-con-inner\">\n\t\t\t\t<div class=\"elementor-element elementor-element-8882c31 elementor-widget elementor-widget-spacer\" data-id=\"8882c31\" data-element_type=\"widget\" data-widget_type=\"spacer.default\">\n\t\t\t\t<div class=\"elementor-widget-container\">\n\t\t\t<style>\/*! elementor - v3.23.0 - 15-07-2024 *\/\n.elementor-column .elementor-spacer-inner{height:var(--spacer-size)}.e-con{--container-widget-width:100%}.e-con-inner>.elementor-widget-spacer,.e-con>.elementor-widget-spacer{width:var(--container-widget-width,var(--spacer-size));--align-self:var(--container-widget-align-self,initial);--flex-shrink:0}.e-con-inner>.elementor-widget-spacer>.elementor-widget-container,.e-con>.elementor-widget-spacer>.elementor-widget-container{height:100%;width:100%}.e-con-inner>.elementor-widget-spacer>.elementor-widget-container>.elementor-spacer,.e-con>.elementor-widget-spacer>.elementor-widget-container>.elementor-spacer{height:100%}.e-con-inner>.elementor-widget-spacer>.elementor-widget-container>.elementor-spacer>.elementor-spacer-inner,.e-con>.elementor-widget-spacer>.elementor-widget-container>.elementor-spacer>.elementor-spacer-inner{height:var(--container-widget-height,var(--spacer-size))}.e-con-inner>.elementor-widget-spacer.elementor-widget-empty,.e-con>.elementor-widget-spacer.elementor-widget-empty{position:relative;min-height:22px;min-width:22px}.e-con-inner>.elementor-widget-spacer.elementor-widget-empty .elementor-widget-empty-icon,.e-con>.elementor-widget-spacer.elementor-widget-empty .elementor-widget-empty-icon{position:absolute;top:0;bottom:0;left:0;right:0;margin:auto;padding:0;width:22px;height:22px}<\/style>\t\t<div class=\"elementor-spacer\">\n\t\t\t<div class=\"elementor-spacer-inner\"><\/div>\n\t\t<\/div>\n\t\t\t\t<\/div>\n\t\t\t\t<\/div>\n\t\t\t\t<div class=\"elementor-element elementor-element-66e0df8 elementor-widget elementor-widget-heading\" data-id=\"66e0df8\" data-element_type=\"widget\" data-widget_type=\"heading.default\">\n\t\t\t\t<div class=\"elementor-widget-container\">\n\t\t\t<style>\/*! elementor - v3.23.0 - 15-07-2024 *\/\n.elementor-heading-title{padding:0;margin:0;line-height:1}.elementor-widget-heading .elementor-heading-title[class*=elementor-size-]>a{color:inherit;font-size:inherit;line-height:inherit}.elementor-widget-heading .elementor-heading-title.elementor-size-small{font-size:15px}.elementor-widget-heading .elementor-heading-title.elementor-size-medium{font-size:19px}.elementor-widget-heading .elementor-heading-title.elementor-size-large{font-size:29px}.elementor-widget-heading .elementor-heading-title.elementor-size-xl{font-size:39px}.elementor-widget-heading .elementor-heading-title.elementor-size-xxl{font-size:59px}<\/style><h2 class=\"elementor-heading-title elementor-size-default\">\u015eirketimiz Hakk\u0131nda<\/h2>\t\t<\/div>\n\t\t\t\t<\/div>\n\t\t\t\t<div class=\"elementor-element elementor-element-de2e365 elementor-widget elementor-widget-text-editor\" data-id=\"de2e365\" data-element_type=\"widget\" data-widget_type=\"text-editor.default\">\n\t\t\t\t<div class=\"elementor-widget-container\">\n\t\t\t<style>\/*! elementor - v3.23.0 - 15-07-2024 *\/\n.elementor-widget-text-editor.elementor-drop-cap-view-stacked .elementor-drop-cap{background-color:#69727d;color:#fff}.elementor-widget-text-editor.elementor-drop-cap-view-framed .elementor-drop-cap{color:#69727d;border:3px solid;background-color:transparent}.elementor-widget-text-editor:not(.elementor-drop-cap-view-default) .elementor-drop-cap{margin-top:8px}.elementor-widget-text-editor:not(.elementor-drop-cap-view-default) .elementor-drop-cap-letter{width:1em;height:1em}.elementor-widget-text-editor .elementor-drop-cap{float:left;text-align:center;line-height:1;font-size:50px}.elementor-widget-text-editor .elementor-drop-cap-letter{display:inline-block}<\/style>\t\t\t\t<p>Akfa end\u00fcstri San. ve Tic. A.\u015e. End\u00fcstriyel yap\u0131\u015ft\u0131r\u0131c\u0131lar alan\u0131nda 2023 y\u0131l\u0131nda \u0130stanbul Avc\u0131lar&#8217;da faaliyete ba\u015flam\u0131\u015ft\u0131r. Amac\u0131m\u0131z, Uzman kadromuz ve son teknoloji makinelerimizle 25 y\u0131ll\u0131k tecr\u00fcbemizi harmanlayarak kaliteli ve dayan\u0131kl\u0131 \u00fcr\u00fcnler ortaya koymakt\u0131r. Al\u0131\u015fagelmi\u015f \u00fcretim tekniklerinin aksine, elde etti\u011fimiz tecr\u00fcbemiz ve teknolojik makinelerimiz sayesinde h\u0131zl\u0131 ve kaliteli olarak \u00fcr\u00fcnlerimizi m\u00fc\u015fterilerimize sunmaktay\u0131z. Akfa end\u00fcstri olarak d\u00fcr\u00fcstl\u00fc\u011f\u00fc ve i\u015f ahlak\u0131n\u0131 benimsedi\u011fimiz yap\u0131m\u0131zla k\u00fc\u00e7\u00fck ve b\u00fcy\u00fck i\u015fletmeleri yar\u0131 yolda b\u0131rakmamay\u0131, yapt\u0131\u011f\u0131m\u0131z y\u00fcksek ihracat rakamlar\u0131yla \u00fclkemize ekonomik anlamda katk\u0131 sa\u011flamay\u0131 hedeflemekteyiz.<\/p>\t\t\t\t\t\t<\/div>\n\t\t\t\t<\/div>\n\t\t\t\t\t<\/div>\n\t\t\t\t<\/div>\n\t\t<div class=\"elementor-element elementor-element-8e5770e e-flex e-con-boxed wpr-particle-no wpr-jarallax-no wpr-parallax-no wpr-sticky-section-no e-con e-parent\" data-id=\"8e5770e\" data-element_type=\"container\">\n\t\t\t\t\t<div class=\"e-con-inner\">\n\t\t\t\t<div class=\"elementor-element elementor-element-68d1312 elementor-widget elementor-widget-heading\" data-id=\"68d1312\" data-element_type=\"widget\" data-widget_type=\"heading.default\">\n\t\t\t\t<div class=\"elementor-widget-container\">\n\t\t\t<h2 class=\"elementor-heading-title elementor-size-default\">Vizyonumuz<\/h2>\t\t<\/div>\n\t\t\t\t<\/div>\n\t\t\t\t<div class=\"elementor-element elementor-element-0e748fd elementor-widget elementor-widget-text-editor\" data-id=\"0e748fd\" data-element_type=\"widget\" data-widget_type=\"text-editor.default\">\n\t\t\t\t<div class=\"elementor-widget-container\">\n\t\t\t\t\t\t\t<p>Akfa End\u00fcstri San. ve Tic. A.\u015e. olarak, vizyonumuz bulundu\u011fumuz sekt\u00f6rde \u00fclkemizde ve d\u00fcnyada lider firma konumuna gelerek,\u00a0kaliteli ve uygun fiyat yap\u0131s\u0131yla \u00fcr\u00fcn\u00fcm\u00fcz\u00fc sunmakt\u0131r. M\u00fc\u015fteri portf\u00f6y\u00fcm\u00fcz\u00fc geni\u015fleterek \u00fclkemizin ve firmam\u0131z\u0131n globalde\u00a0\u00a0\u00f6nemli bir pazar pay\u0131na sahip olmas\u0131n\u0131 ama\u00e7lamaktay\u0131z.<\/p>\t\t\t\t\t\t<\/div>\n\t\t\t\t<\/div>\n\t\t\t\t\t<\/div>\n\t\t\t\t<\/div>\n\t\t<div class=\"elementor-element elementor-element-a053fc3 e-flex e-con-boxed wpr-particle-no wpr-jarallax-no wpr-parallax-no wpr-sticky-section-no e-con e-parent\" data-id=\"a053fc3\" data-element_type=\"container\">\n\t\t\t\t\t<div class=\"e-con-inner\">\n\t\t\t\t<div class=\"elementor-element elementor-element-a35a5f6 elementor-widget elementor-widget-heading\" data-id=\"a35a5f6\" data-element_type=\"widget\" data-widget_type=\"heading.default\">\n\t\t\t\t<div class=\"elementor-widget-container\">\n\t\t\t<h2 class=\"elementor-heading-title elementor-size-default\">Misyonumuz<\/h2>\t\t<\/div>\n\t\t\t\t<\/div>\n\t\t\t\t<div class=\"elementor-element elementor-element-9191532 elementor-widget elementor-widget-text-editor\" data-id=\"9191532\" data-element_type=\"widget\" data-widget_type=\"text-editor.default\">\n\t\t\t\t<div class=\"elementor-widget-container\">\n\t\t\t\t\t\t\t<p>Akfa End\u00fcstri San. ve Tic. A.\u015e. olarak, m\u00fc\u015fteri memnuniyeti konusunda her zaman titiz davranarak, sekt\u00f6r\u00fcn en g\u00fcvenilir\u00a0markas\u0131 olma ve kaliteli \u00fcr\u00fcnleri uygun fiyatla m\u00fc\u015fterileriyle bulu\u015fturma misyonu ile \u00e7al\u0131\u015fmalar\u0131na devam edecek.\u00a0Alan\u0131nda uzman 20\u2019 yi a\u015fk\u0131n personel, m\u00fc\u015fterilerinin isteklerine uygun ve kullan\u0131\u015fl\u0131 \u00fcr\u00fcnlere ula\u015fmas\u0131 i\u00e7in ilk g\u00fcnki gibi\u00a0dikkatli ve titiz bir \u015fekilde ad\u0131mlar atmaya devam edecektir&#8230;<\/p>\t\t\t\t\t\t<\/div>\n\t\t\t\t<\/div>\n\t\t\t\t\t<\/div>\n\t\t\t\t<\/div>\n\t\t\t\t<section class=\"elementor-section elementor-top-section elementor-element elementor-element-545c79f elementor-section-boxed elementor-section-height-default elementor-section-height-default wpr-particle-no wpr-jarallax-no wpr-parallax-no wpr-sticky-section-no\" data-id=\"545c79f\" data-element_type=\"section\">\n\t\t\t\t\t\t<div class=\"elementor-container elementor-column-gap-default\">\n\t\t\t\t\t<div class=\"elementor-column elementor-col-100 elementor-top-column elementor-element elementor-element-1d8e68f\" data-id=\"1d8e68f\" data-element_type=\"column\">\n\t\t\t<div class=\"elementor-widget-wrap elementor-element-populated\">\n\t\t\t\t\t\t<div class=\"elementor-element elementor-element-c9923c8 elementor-widget elementor-widget-text-editor\" data-id=\"c9923c8\" data-element_type=\"widget\" data-widget_type=\"text-editor.default\">\n\t\t\t\t<div class=\"elementor-widget-container\">\n\t\t\t\t\t\t\t<p>AKFA End\u00fcstri, sekt\u00f6r\u00fcnde g\u00fcvenilir ve deneyimli bir firma olarak, m\u00fc\u015fterilerine kaliteli \u00fcr\u00fcnler ve hizmetler sunmaktad\u0131r.<\/p>\t\t\t\t\t\t<\/div>\n\t\t\t\t<\/div>\n\t\t\t\t<section class=\"elementor-section elementor-inner-section elementor-element elementor-element-179daa9 elementor-section-boxed elementor-section-height-default elementor-section-height-default wpr-particle-no wpr-jarallax-no wpr-parallax-no wpr-sticky-section-no\" data-id=\"179daa9\" data-element_type=\"section\">\n\t\t\t\t\t\t<div class=\"elementor-container elementor-column-gap-default\">\n\t\t\t\t\t<div class=\"elementor-column elementor-col-33 elementor-inner-column elementor-element elementor-element-0567e1b elementor-invisible\" data-id=\"0567e1b\" data-element_type=\"column\" data-settings=\"{&quot;animation&quot;:&quot;slideInUp&quot;}\">\n\t\t\t<div class=\"elementor-widget-wrap elementor-element-populated\">\n\t\t\t\t\t\t<div class=\"elementor-element elementor-element-a644ef6 wpr-promo-box-style-cover elementor-widget elementor-widget-wpr-promo-box\" data-id=\"a644ef6\" data-element_type=\"widget\" data-widget_type=\"wpr-promo-box.default\">\n\t\t\t\t<div class=\"elementor-widget-container\">\n\t\t\t\n\t\t<div class=\"wpr-promo-box wpr-animation-wrap\">\n\n\t\t\t\t\t\t\t\n\t\t\t\t\t\t\n\t\t\t<div class=\"wpr-promo-box-content\">\n\n\t\t\t\t\t\t\t\t<div class=\"wpr-promo-box-icon\">\n\t\t\t\t\t\t\t\t\t\t\t<i class=\"fas fa-medal\"><\/i>\n\t\t\t\t\t\t\t\t\t<\/div>\n\t\t\t\t\n\t\t\t\t<h3 class=\"wpr-promo-box-title\"><span>KAL\u0130TEL\u0130 \u00dcR\u00dcNLER<\/span><\/h3>\n\t\t\t\t\t\t\t\t\t<div class=\"wpr-promo-box-description\">\n\t\t\t\t\t\t<p><p>Birinci s\u0131n\u0131f malzemeden \u00fcretilmi\u015f kaliteli \u00fcr\u00fcnler.<\/p><\/p>\t\n\t\t\t\t\t<\/div>\t\t\t\t\t\t\n\t\t\t\t\n\t\t\t\t\t\t\t<\/div>\n\n\t\t\t\t\t<\/div>\n\n\t\t\t\t<\/div>\n\t\t\t\t<\/div>\n\t\t\t\t\t<\/div>\n\t\t<\/div>\n\t\t\t\t<div class=\"elementor-column elementor-col-33 elementor-inner-column elementor-element elementor-element-dc21aef elementor-invisible\" data-id=\"dc21aef\" data-element_type=\"column\" data-settings=\"{&quot;animation&quot;:&quot;slideInUp&quot;,&quot;animation_delay&quot;:100,&quot;background_background&quot;:&quot;classic&quot;}\">\n\t\t\t<div class=\"elementor-widget-wrap elementor-element-populated\">\n\t\t\t\t\t\t<div class=\"elementor-element elementor-element-d1acf15 wpr-promo-box-style-cover elementor-widget elementor-widget-wpr-promo-box\" data-id=\"d1acf15\" data-element_type=\"widget\" data-widget_type=\"wpr-promo-box.default\">\n\t\t\t\t<div class=\"elementor-widget-container\">\n\t\t\t\n\t\t<div class=\"wpr-promo-box wpr-animation-wrap\">\n\n\t\t\t\t\t\t\t\n\t\t\t\t\t\t\n\t\t\t<div class=\"wpr-promo-box-content\">\n\n\t\t\t\t\t\t\t\t<div class=\"wpr-promo-box-icon\">\n\t\t\t\t\t\t\t\t\t\t\t<i class=\"far fa-smile\"><\/i>\n\t\t\t\t\t\t\t\t\t<\/div>\n\t\t\t\t\n\t\t\t\t<h3 class=\"wpr-promo-box-title\"><span>M\u00fc\u015fteri Memnuniyeti<\/span><\/h3>\n\t\t\t\t\t\t\t\t\t<div class=\"wpr-promo-box-description\">\n\t\t\t\t\t\t<p><p>M\u00fc\u015fteri memnuniyeti odakl\u0131 kaliteli hizmet anlay\u0131\u015f\u0131.<\/p><\/p>\t\n\t\t\t\t\t<\/div>\t\t\t\t\t\t\n\t\t\t\t\n\t\t\t\t\t\t\t<\/div>\n\n\t\t\t\t\t<\/div>\n\n\t\t\t\t<\/div>\n\t\t\t\t<\/div>\n\t\t\t\t\t<\/div>\n\t\t<\/div>\n\t\t\t\t<div class=\"elementor-column elementor-col-33 elementor-inner-column elementor-element elementor-element-f1142df elementor-invisible\" data-id=\"f1142df\" data-element_type=\"column\" data-settings=\"{&quot;animation&quot;:&quot;slideInUp&quot;,&quot;animation_delay&quot;:200}\">\n\t\t\t<div class=\"elementor-widget-wrap elementor-element-populated\">\n\t\t\t\t\t\t<div class=\"elementor-element elementor-element-fba643b wpr-promo-box-style-cover elementor-widget elementor-widget-wpr-promo-box\" data-id=\"fba643b\" data-element_type=\"widget\" data-widget_type=\"wpr-promo-box.default\">\n\t\t\t\t<div class=\"elementor-widget-container\">\n\t\t\t\n\t\t<div class=\"wpr-promo-box wpr-animation-wrap\">\n\n\t\t\t\t\t\t\t\n\t\t\t\t\t\t\n\t\t\t<div class=\"wpr-promo-box-content\">\n\n\t\t\t\t\t\t\t\t<div class=\"wpr-promo-box-icon\">\n\t\t\t\t\t\t\t\t\t\t\t<i class=\"far fa-check-square\"><\/i>\n\t\t\t\t\t\t\t\t\t<\/div>\n\t\t\t\t\n\t\t\t\t<h3 class=\"wpr-promo-box-title\"><span>DAYANIKLI YAPI<\/span><\/h3>\n\t\t\t\t\t\t\t\t\t<div class=\"wpr-promo-box-description\">\n\t\t\t\t\t\t<p><p>Sizi yar\u0131 yolda b\u0131rakmayacak, dayan\u0131kl\u0131 ve sa\u011flam \u00fcr\u00fcnler.<\/p><\/p>\t\n\t\t\t\t\t<\/div>\t\t\t\t\t\t\n\t\t\t\t\n\t\t\t\t\t\t\t<\/div>\n\n\t\t\t\t\t<\/div>\n\n\t\t\t\t<\/div>\n\t\t\t\t<\/div>\n\t\t\t\t\t<\/div>\n\t\t<\/div>\n\t\t\t\t\t<\/div>\n\t\t<\/section>\n\t\t\t\t\t<\/div>\n\t\t<\/div>\n\t\t\t\t\t<\/div>\n\t\t<\/section>\n\t\t<div class=\"elementor-element elementor-element-f165a0b e-flex e-con-boxed wpr-particle-no wpr-jarallax-no wpr-parallax-no wpr-sticky-section-no e-con e-parent\" data-id=\"f165a0b\" data-element_type=\"container\">\n\t\t\t\t\t<div class=\"e-con-inner\">\n\t\t\t\t<div class=\"elementor-element elementor-element-7e14901 elementor-widget elementor-widget-spacer\" data-id=\"7e14901\" data-element_type=\"widget\" data-widget_type=\"spacer.default\">\n\t\t\t\t<div class=\"elementor-widget-container\">\n\t\t\t\t\t<div class=\"elementor-spacer\">\n\t\t\t<div class=\"elementor-spacer-inner\"><\/div>\n\t\t<\/div>\n\t\t\t\t<\/div>\n\t\t\t\t<\/div>\n\t\t\t\t\t<\/div>\n\t\t\t\t<\/div>\n\t\t<div class=\"elementor-element elementor-element-d0a4dbb e-flex e-con-boxed wpr-particle-no wpr-jarallax-no wpr-parallax-no wpr-sticky-section-no e-con e-parent\" data-id=\"d0a4dbb\" data-element_type=\"container\">\n\t\t\t\t\t<div class=\"e-con-inner\">\n\t\t<div class=\"elementor-element elementor-element-7eb8c58 e-con-full e-flex wpr-particle-no wpr-jarallax-no wpr-parallax-no wpr-sticky-section-no e-con e-child\" data-id=\"7eb8c58\" data-element_type=\"container\">\n\t\t<div class=\"elementor-element elementor-element-67c1a19 e-flex e-con-boxed wpr-particle-no wpr-jarallax-no wpr-parallax-no wpr-sticky-section-no e-con e-child\" data-id=\"67c1a19\" data-element_type=\"container\">\n\t\t\t\t\t<div class=\"e-con-inner\">\n\t\t\t\t<div class=\"elementor-element elementor-element-d00f699 elementor-widget elementor-widget-heading\" data-id=\"d00f699\" data-element_type=\"widget\" data-widget_type=\"heading.default\">\n\t\t\t\t<div class=\"elementor-widget-container\">\n\t\t\t<h2 class=\"elementor-heading-title elementor-size-default\">Bizimle<br>\u0130leti\u015fime Ge\u00e7in<\/h2>\t\t<\/div>\n\t\t\t\t<\/div>\n\t\t\t\t\t<\/div>\n\t\t\t\t<\/div>\n\t\t<div class=\"elementor-element elementor-element-4c2863f e-flex e-con-boxed wpr-particle-no wpr-jarallax-no wpr-parallax-no wpr-sticky-section-no e-con e-child\" data-id=\"4c2863f\" data-element_type=\"container\">\n\t\t\t\t\t<div class=\"e-con-inner\">\n\t\t\t\t<div class=\"elementor-element elementor-element-a182a07 elementor-widget elementor-widget-text-editor\" data-id=\"a182a07\" data-element_type=\"widget\" data-widget_type=\"text-editor.default\">\n\t\t\t\t<div class=\"elementor-widget-container\">\n\t\t\t\t\t\t\t<p>\u00dcr\u00fcnler ve \u015firketimiz hakk\u0131nda h\u0131zl\u0131 yan\u0131tlar almak i\u00e7in<\/p><p>bizimle&nbsp;<span style=\"background-color: transparent;\">ileti\u015fime ge\u00e7ebilirsiniz.<\/span><\/p>\t\t\t\t\t\t<\/div>\n\t\t\t\t<\/div>\n\t\t\t\t\t<\/div>\n\t\t\t\t<\/div>\n\t\t<div class=\"elementor-element elementor-element-78ce292 e-con-full e-flex wpr-particle-no wpr-jarallax-no wpr-parallax-no wpr-sticky-section-no e-con e-child\" data-id=\"78ce292\" data-element_type=\"container\">\n\t\t\t\t<div class=\"elementor-element elementor-element-a5abe2f elementor-align-center elementor-icon-list--layout-traditional elementor-list-item-link-full_width elementor-widget elementor-widget-icon-list\" data-id=\"a5abe2f\" data-element_type=\"widget\" data-widget_type=\"icon-list.default\">\n\t\t\t\t<div class=\"elementor-widget-container\">\n\t\t\t<link rel=\"stylesheet\" href=\"https:\/\/akfaendustri.com\/wp-content\/plugins\/elementor\/assets\/css\/widget-icon-list.min.css\">\t\t<ul class=\"elementor-icon-list-items\">\n\t\t\t\t\t\t\t<li class=\"elementor-icon-list-item\">\n\t\t\t\t\t\t\t\t\t\t\t<span class=\"elementor-icon-list-icon\">\n\t\t\t\t\t\t\t<svg aria-hidden=\"true\" class=\"e-font-icon-svg e-fas-phone-alt\" viewBox=\"0 0 512 512\" xmlns=\"http:\/\/www.w3.org\/2000\/svg\"><path d=\"M497.39 361.8l-112-48a24 24 0 0 0-28 6.9l-49.6 60.6A370.66 370.66 0 0 1 130.6 204.11l60.6-49.6a23.94 23.94 0 0 0 6.9-28l-48-112A24.16 24.16 0 0 0 122.6.61l-104 24A24 24 0 0 0 0 48c0 256.5 207.9 464 464 464a24 24 0 0 0 23.4-18.6l24-104a24.29 24.29 0 0 0-14.01-27.6z\"><\/path><\/svg>\t\t\t\t\t\t<\/span>\n\t\t\t\t\t\t\t\t\t\t<span class=\"elementor-icon-list-text\">+90 533 643 41 55<\/span>\n\t\t\t\t\t\t\t\t\t<\/li>\n\t\t\t\t\t\t\t\t<li class=\"elementor-icon-list-item\">\n\t\t\t\t\t\t\t\t\t\t\t<span class=\"elementor-icon-list-icon\">\n\t\t\t\t\t\t\t<svg aria-hidden=\"true\" class=\"e-font-icon-svg e-fas-envelope\" viewBox=\"0 0 512 512\" xmlns=\"http:\/\/www.w3.org\/2000\/svg\"><path d=\"M502.3 190.8c3.9-3.1 9.7-.2 9.7 4.7V400c0 26.5-21.5 48-48 48H48c-26.5 0-48-21.5-48-48V195.6c0-5 5.7-7.8 9.7-4.7 22.4 17.4 52.1 39.5 154.1 113.6 21.1 15.4 56.7 47.8 92.2 47.6 35.7.3 72-32.8 92.3-47.6 102-74.1 131.6-96.3 154-113.7zM256 320c23.2.4 56.6-29.2 73.4-41.4 132.7-96.3 142.8-104.7 173.4-128.7 5.8-4.5 9.2-11.5 9.2-18.9v-19c0-26.5-21.5-48-48-48H48C21.5 64 0 85.5 0 112v19c0 7.4 3.4 14.3 9.2 18.9 30.6 23.9 40.7 32.4 173.4 128.7 16.8 12.2 50.2 41.8 73.4 41.4z\"><\/path><\/svg>\t\t\t\t\t\t<\/span>\n\t\t\t\t\t\t\t\t\t\t<span class=\"elementor-icon-list-text\">info@akfaendustri.com<\/span>\n\t\t\t\t\t\t\t\t\t<\/li>\n\t\t\t\t\t\t\t\t<li class=\"elementor-icon-list-item\">\n\t\t\t\t\t\t\t\t\t\t\t<span class=\"elementor-icon-list-icon\">\n\t\t\t\t\t\t\t<svg aria-hidden=\"true\" class=\"e-font-icon-svg e-fas-map-marker-alt\" viewBox=\"0 0 384 512\" xmlns=\"http:\/\/www.w3.org\/2000\/svg\"><path d=\"M172.268 501.67C26.97 291.031 0 269.413 0 192 0 85.961 85.961 0 192 0s192 85.961 192 192c0 77.413-26.97 99.031-172.268 309.67-9.535 13.774-29.93 13.773-39.464 0zM192 272c44.183 0 80-35.817 80-80s-35.817-80-80-80-80 35.817-80 80 35.817 80 80 80z\"><\/path><\/svg>\t\t\t\t\t\t<\/span>\n\t\t\t\t\t\t\t\t\t\t<span class=\"elementor-icon-list-text\">Cihangir Mahallesi G\u00fcvercin Sokak No 2\/22<br>Aktim 3 \u0130\u015f Merkezi Avc\u0131lar\/\u0130stanbul<\/span>\n\t\t\t\t\t\t\t\t\t<\/li>\n\t\t\t\t\t\t<\/ul>\n\t\t\t\t<\/div>\n\t\t\t\t<\/div>\n\t\t\t\t<\/div>\n\t\t\t\t<\/div>\n\t\t\t\t\t<\/div>\n\t\t\t\t<\/div>\n\t\t\t\t<\/div>\n\t\t","protected":false},"excerpt":{"rendered":"<p>\u015eirketimiz Hakk\u0131nda Akfa end\u00fcstri San. ve Tic. A.\u015e. End\u00fcstriyel yap\u0131\u015ft\u0131r\u0131c\u0131lar alan\u0131nda 2023 y\u0131l\u0131nda \u0130stanbul Avc\u0131lar&#8217;da faaliyete ba\u015flam\u0131\u015ft\u0131r. Amac\u0131m\u0131z, Uzman kadromuz ve son teknoloji makinelerimizle 25 y\u0131ll\u0131k tecr\u00fcbemizi harmanlayarak kaliteli ve dayan\u0131kl\u0131 \u00fcr\u00fcnler ortaya koymakt\u0131r. Al\u0131\u015fagelmi\u015f \u00fcretim tekniklerinin aksine, elde etti\u011fimiz tecr\u00fcbemiz ve teknolojik makinelerimiz sayesinde h\u0131zl\u0131 ve kaliteli olarak \u00fcr\u00fcnlerimizi m\u00fc\u015fterilerimize sunmaktay\u0131z. Akfa end\u00fcstri olarak d\u00fcr\u00fcstl\u00fc\u011f\u00fc ve i\u015f ahlak\u0131n\u0131 benimsedi\u011fimiz yap\u0131m\u0131zla k\u00fc\u00e7\u00fck ve b\u00fcy\u00fck i\u015fletmeleri yar\u0131 yolda b\u0131rakmamay\u0131, yapt\u0131\u011f\u0131m\u0131z y\u00fcksek ihracat rakamlar\u0131yla \u00fclkemize ekonomik anlamda katk\u0131 sa\u011flamay\u0131 hedeflemekteyiz. Vizyonumuz Akfa End\u00fcstri San. ve Tic. A.\u015e. olarak, vizyonumuz bulundu\u011fumuz sekt\u00f6rde \u00fclkemizde ve d\u00fcnyada lider firma konumuna gelerek,\u00a0kaliteli ve uygun fiyat yap\u0131s\u0131yla \u00fcr\u00fcn\u00fcm\u00fcz\u00fc sunmakt\u0131r. M\u00fc\u015fteri portf\u00f6y\u00fcm\u00fcz\u00fc geni\u015fleterek \u00fclkemizin ve firmam\u0131z\u0131n globalde\u00a0\u00a0\u00f6nemli bir pazar pay\u0131na sahip olmas\u0131n\u0131 ama\u00e7lamaktay\u0131z. Misyonumuz Akfa End\u00fcstri San. ve Tic. A.\u015e. olarak, m\u00fc\u015fteri memnuniyeti konusunda her zaman titiz davranarak, sekt\u00f6r\u00fcn en g\u00fcvenilir\u00a0markas\u0131 olma ve kaliteli \u00fcr\u00fcnleri uygun fiyatla m\u00fc\u015fterileriyle bulu\u015fturma misyonu ile \u00e7al\u0131\u015fmalar\u0131na devam edecek.\u00a0Alan\u0131nda uzman 20\u2019 yi a\u015fk\u0131n personel, m\u00fc\u015fterilerinin isteklerine uygun ve kullan\u0131\u015fl\u0131 \u00fcr\u00fcnlere ula\u015fmas\u0131 i\u00e7in ilk g\u00fcnki gibi\u00a0dikkatli ve titiz bir \u015fekilde ad\u0131mlar atmaya devam edecektir&#8230; AKFA End\u00fcstri, sekt\u00f6r\u00fcnde g\u00fcvenilir ve deneyimli bir firma olarak, m\u00fc\u015fterilerine kaliteli \u00fcr\u00fcnler ve hizmetler sunmaktad\u0131r. KAL\u0130TEL\u0130 \u00dcR\u00dcNLER Birinci s\u0131n\u0131f malzemeden \u00fcretilmi\u015f kaliteli \u00fcr\u00fcnler. M\u00fc\u015fteri Memnuniyeti M\u00fc\u015fteri memnuniyeti odakl\u0131 kaliteli hizmet anlay\u0131\u015f\u0131. DAYANIKLI YAPI Sizi yar\u0131 yolda b\u0131rakmayacak, dayan\u0131kl\u0131 ve sa\u011flam \u00fcr\u00fcnler. Bizimle\u0130leti\u015fime Ge\u00e7in \u00dcr\u00fcnler ve \u015firketimiz hakk\u0131nda h\u0131zl\u0131 yan\u0131tlar almak i\u00e7in bizimle&nbsp;ileti\u015fime ge\u00e7ebilirsiniz. +90 533 643 41 55 info@akfaendustri.com Cihangir Mahallesi G\u00fcvercin Sokak No 2\/22Aktim 3 \u0130\u015f Merkezi Avc\u0131lar\/\u0130stanbul<\/p>","protected":false},"author":1,"featured_media":0,"parent":0,"menu_order":0,"comment_status":"closed","ping_status":"closed","template":"elementor_canvas","meta":{"_joinchat":[],"footnotes":""},"class_list":["post-10","page","type-page","status-publish","hentry"],"_links":{"self":[{"href":"https:\/\/akfaendustri.com\/en\/wp-json\/wp\/v2\/pages\/10","targetHints":{"allow":["GET"]}}],"collection":[{"href":"https:\/\/akfaendustri.com\/en\/wp-json\/wp\/v2\/pages"}],"about":[{"href":"https:\/\/akfaendustri.com\/en\/wp-json\/wp\/v2\/types\/page"}],"author":[{"embeddable":true,"href":"https:\/\/akfaendustri.com\/en\/wp-json\/wp\/v2\/users\/1"}],"replies":[{"embeddable":true,"href":"https:\/\/akfaendustri.com\/en\/wp-json\/wp\/v2\/comments?post=10"}],"version-history":[{"count":24,"href":"https:\/\/akfaendustri.com\/en\/wp-json\/wp\/v2\/pages\/10\/revisions"}],"predecessor-version":[{"id":2058,"href":"https:\/\/akfaendustri.com\/en\/wp-json\/wp\/v2\/pages\/10\/revisions\/2058"}],"wp:attachment":[{"href":"https:\/\/akfaendustri.com\/en\/wp-json\/wp\/v2\/media?parent=10"}],"curies":[{"name":"wp","href":"https:\/\/api.w.org\/{rel}","templated":true}]}}